{"id":367,"date":"2023-05-29T19:51:59","date_gmt":"2023-05-29T19:51:59","guid":{"rendered":"https:\/\/winexecu.com\/?post_type=product&#038;p=367"},"modified":"2025-03-19T17:32:19","modified_gmt":"2025-03-19T17:32:19","slug":"tensor-telefonico-drop-plastico","status":"publish","type":"product","link":"https:\/\/winexecu.com\/index.php\/product\/tensor-telefonico-drop-plastico\/","title":{"rendered":"TENSOR TELEFONICO DROP PLASTICO"},"content":{"rendered":"<p><strong>Tensor Telef\u00f3nico Drop pl\u00e1stico Con U\u00f1a Y Gancho Met\u00e1lico<\/strong><\/p>\n<blockquote><p>* Tensor telef\u00f3nico<br \/>\n* Tensor para fibra drop<\/p><\/blockquote>\n","protected":false},"excerpt":{"rendered":"<p><strong>Tensor Telef\u00f3nico Drop pl\u00e1stico Con U\u00f1a Y Gancho Met\u00e1lico<\/strong><\/p>\n<blockquote><p>* Tensor telef\u00f3nico<br \/>\n* Tensor para fibra drop<\/p><\/blockquote>\n","protected":false},"featured_media":368,"comment_status":"open","ping_status":"closed","template":"","meta":{"_joinchat":[]},"product_brand":[],"product_cat":[38],"product_tag":[],"class_list":{"0":"post-367","1":"product","2":"type-product","3":"status-publish","4":"has-post-thumbnail","6":"product_cat-ferreteria-fibra-optica","7":"hello-academy-blog-item-list","9":"first","10":"instock","11":"taxable","12":"shipping-taxable","13":"product-type-simple"},"aioseo_notices":[],"_links":{"self":[{"href":"https:\/\/winexecu.com\/index.php\/wp-json\/wp\/v2\/product\/367","targetHints":{"allow":["GET"]}}],"collection":[{"href":"https:\/\/winexecu.com\/index.php\/wp-json\/wp\/v2\/product"}],"about":[{"href":"https:\/\/winexecu.com\/index.php\/wp-json\/wp\/v2\/types\/product"}],"replies":[{"embeddable":true,"href":"https:\/\/winexecu.com\/index.php\/wp-json\/wp\/v2\/comments?post=367"}],"wp:featuredmedia":[{"embeddable":true,"href":"https:\/\/winexecu.com\/index.php\/wp-json\/wp\/v2\/media\/368"}],"wp:attachment":[{"href":"https:\/\/winexecu.com\/index.php\/wp-json\/wp\/v2\/media?parent=367"}],"wp:term":[{"taxonomy":"product_brand","embeddable":true,"href":"https:\/\/winexecu.com\/index.php\/wp-json\/wp\/v2\/product_brand?post=367"},{"taxonomy":"product_cat","embeddable":true,"href":"https:\/\/winexecu.com\/index.php\/wp-json\/wp\/v2\/product_cat?post=367"},{"taxonomy":"product_tag","embeddable":true,"href":"https:\/\/winexecu.com\/index.php\/wp-json\/wp\/v2\/product_tag?post=367"}],"curies":[{"name":"wp","href":"https:\/\/api.w.org\/{rel}","templated":true}]}}